{"id":18,"date":"2026-04-17T20:32:10","date_gmt":"2026-04-17T18:32:10","guid":{"rendered":"https:\/\/test.rlcnew.com\/?page_id=18"},"modified":"2026-04-19T18:30:10","modified_gmt":"2026-04-19T16:30:10","slug":"bienvenu-chez-rlcnew","status":"publish","type":"page","link":"https:\/\/test.rlcnew.com\/?page_id=18","title":{"rendered":"Accueil"},"content":{"rendered":"\n<p>RLCnew est une marque d\u00e9pos\u00e9e depuis 1996, sp\u00e9cialis\u00e9e dans la fabrication artisanale de cravaches de qualit\u00e9. Nos cravaches sont fabriqu\u00e9es en France depuis la cr\u00e9ation de la marque. Jusqu\u2019\u00e0 maintenant, nos principaux acheteurs \u00e9taient des professionnels tels que des selleries. Depuis l\u2019\u00e9t\u00e9 2024, la cessation d\u2019une autre activit\u00e9 nous permet de d\u00e9velopper pleinement la fabrication de cravache.<\/p>\n\n\n\n<h1 class=\"wp-block-heading\">D\u00e9couvrez nos cravaches personnalisables<\/h1>\n\n\n\n<p>Parcourez notre catalogue de personnalisation pour demander la cravache de votre choix.<\/p>\n\n\n\n<p>Nos cravaches sont con\u00e7ues avec un soin particulier pour offrir une prise en mains optimale. Parcourez notre boutique en ligne pour trouver la cravache parfaite pour vous !<\/p>\n\n\n\n<div class=\"wp-block-buttons is-horizontal is-content-justification-right is-layout-flex wp-container-core-buttons-is-layout-202d4b65 wp-block-buttons-is-layout-flex\">\n<div class=\"wp-block-button is-style-fill\"><a class=\"wp-block-button__link has-luminous-vivid-amber-color has-black-background-color has-text-color has-background has-link-color has-large-font-size has-custom-font-size wp-element-button\">D\u00e9couvrir<\/a><\/div>\n<\/div>\n\n\n\n<figure class=\"wp-block-image size-large is-resized\"><img loading=\"lazy\" decoding=\"async\" width=\"2109\" height=\"1309\" src=\"https:\/\/test.rlcnew.com\/wp-content\/uploads\/2026\/04\/Exemple-de-personnalisation-edited.png\" alt=\"\" class=\"wp-image-24\" style=\"aspect-ratio:1.6111502702330618;width:470px;height:auto\" srcset=\"https:\/\/test.rlcnew.com\/wp-content\/uploads\/2026\/04\/Exemple-de-personnalisation-edited.png 2109w, https:\/\/test.rlcnew.com\/wp-content\/uploads\/2026\/04\/Exemple-de-personnalisation-edited-300x186.png 300w, https:\/\/test.rlcnew.com\/wp-content\/uploads\/2026\/04\/Exemple-de-personnalisation-edited-1024x636.png 1024w, https:\/\/test.rlcnew.com\/wp-content\/uploads\/2026\/04\/Exemple-de-personnalisation-edited-768x477.png 768w, https:\/\/test.rlcnew.com\/wp-content\/uploads\/2026\/04\/Exemple-de-personnalisation-edited-1536x953.png 1536w, https:\/\/test.rlcnew.com\/wp-content\/uploads\/2026\/04\/Exemple-de-personnalisation-edited-2048x1271.png 2048w\" sizes=\"auto, (max-width: 2109px) 100vw, 2109px\" \/><\/figure>\n","protected":false},"excerpt":{"rendered":"<p>RLCnew est une marque d\u00e9pos\u00e9e depuis 1996, sp\u00e9cialis\u00e9e dans la fabrication artisanale de cravaches de qualit\u00e9. Nos cravaches sont fabriqu\u00e9es en France depuis la cr\u00e9ation de la marque. Jusqu\u2019\u00e0 maintenant, nos principaux acheteurs \u00e9taient des professionnels tels que des selleries. Depuis l\u2019\u00e9t\u00e9 2024, la cessation d\u2019une autre activit\u00e9 nous permet de d\u00e9velopper pleinement la fabrication<\/p>\n<div class=\"more-link\">\n\t\t\t\t <a href=\"https:\/\/test.rlcnew.com\/?page_id=18\" class=\"btn theme-btn\"><span>Continue Reading <\/span><i class=\"icofont-thin-double-right\"><\/i><\/a>\n\t\t\t<\/div>\n","protected":false},"author":1,"featured_media":7,"parent":0,"menu_order":0,"comment_status":"closed","ping_status":"closed","template":"templates\/home-page.php","meta":{"footnotes":""},"class_list":["post-18","page","type-page","status-publish","has-post-thumbnail","hentry"],"_links":{"self":[{"href":"https:\/\/test.rlcnew.com\/index.php?rest_route=\/wp\/v2\/pages\/18","targetHints":{"allow":["GET"]}}],"collection":[{"href":"https:\/\/test.rlcnew.com\/index.php?rest_route=\/wp\/v2\/pages"}],"about":[{"href":"https:\/\/test.rlcnew.com\/index.php?rest_route=\/wp\/v2\/types\/page"}],"author":[{"embeddable":true,"href":"https:\/\/test.rlcnew.com\/index.php?rest_route=\/wp\/v2\/users\/1"}],"replies":[{"embeddable":true,"href":"https:\/\/test.rlcnew.com\/index.php?rest_route=%2Fwp%2Fv2%2Fcomments&post=18"}],"version-history":[{"count":5,"href":"https:\/\/test.rlcnew.com\/index.php?rest_route=\/wp\/v2\/pages\/18\/revisions"}],"predecessor-version":[{"id":73,"href":"https:\/\/test.rlcnew.com\/index.php?rest_route=\/wp\/v2\/pages\/18\/revisions\/73"}],"wp:featuredmedia":[{"embeddable":true,"href":"https:\/\/test.rlcnew.com\/index.php?rest_route=\/wp\/v2\/media\/7"}],"wp:attachment":[{"href":"https:\/\/test.rlcnew.com\/index.php?rest_route=%2Fwp%2Fv2%2Fmedia&parent=18"}],"curies":[{"name":"wp","href":"https:\/\/api.w.org\/{rel}","templated":true}]}}